{"id":1068,"date":"2023-03-13T10:37:52","date_gmt":"2023-03-13T10:37:52","guid":{"rendered":"https:\/\/etoaa.com\/pl\/?post_type=product&#038;p=1068"},"modified":"2024-04-10T08:42:08","modified_gmt":"2024-04-10T08:42:08","slug":"personalizowany-wieszak-na-medale","status":"publish","type":"product","link":"https:\/\/etoaa.com\/pl\/product\/personalizowany-wieszak-na-medale\/","title":{"rendered":"Personalizowany wieszak na medale"},"content":{"rendered":"","protected":false},"excerpt":{"rendered":"<h3 style=\"text-align: center;\">ETOAA &#8211; Wieszak na medale<\/h3>\n<p style=\"text-align: center;\">Prezentuj swoje ci\u0119\u017cko zdobyte nagrody za pomoc\u0105 naszego wysokiej jako\u015bci, montowanego na \u015bcianie, Wieszaka na Medale. Wykonany z wytrzyma\u0142ej stali i pokryty wysokiej jako\u015bci pow\u0142ok\u0105, to nie jest zwyk\u0142y wieszak na medale &#8211; to \u015bwiadectwo Twoich zwyci\u0119stw! W przeciwie\u0144stwie do powszechnych wieszak\u00f3w drewnianych, nasz wyr\u00f3\u017cnia si\u0119 wy\u017csz\u0105 wytrzyma\u0142o\u015bci\u0105, eleganckim designem i d\u0142ugowieczno\u015bci\u0105. \u0141atwy w monta\u017cu, z do\u0142\u0105czonymi wszystkimi niezb\u0119dnymi materia\u0142ami, to doskona\u0142y prezent dla ka\u017cdego Entuzjasty Sportu lub idealne uzupe\u0142nienie dla Wspieraj\u0105cego Rodzica, kt\u00f3ry kibicuje swojemu mistrzowi. Pami\u0119taj, ka\u017cdy medal opowiada histori\u0119 &#8211; upewnij si\u0119, \u017ce Twoje s\u0105 zawieszone z nale\u017cnym im szacunkiem. Nie czekaj &#8211; \u015bwi\u0119tuj swoje zwyci\u0119stwa z klas\u0105 ju\u017c dzi\u015b!<\/p>\n<p>&nbsp;<\/p>\n<p><img loading=\"lazy\" decoding=\"async\" class=\"aligncenter wp-image-1266 size-full\" src=\"https:\/\/etoaa.com\/pl\/wp-content\/uploads\/sites\/14\/2023\/03\/IMG_1002.jpg\" alt=\"\" width=\"750\" height=\"750\" srcset=\"https:\/\/etoaa.com\/pl\/wp-content\/uploads\/sites\/14\/2023\/03\/IMG_1002.jpg 750w, https:\/\/etoaa.com\/pl\/wp-content\/uploads\/sites\/14\/2023\/03\/IMG_1002-300x300.jpg 300w, https:\/\/etoaa.com\/pl\/wp-content\/uploads\/sites\/14\/2023\/03\/IMG_1002-150x150.jpg 150w, https:\/\/etoaa.com\/pl\/wp-content\/uploads\/sites\/14\/2023\/03\/IMG_1002-600x600.jpg 600w, https:\/\/etoaa.com\/pl\/wp-content\/uploads\/sites\/14\/2023\/03\/IMG_1002-100x100.jpg 100w, https:\/\/etoaa.com\/pl\/wp-content\/uploads\/sites\/14\/2023\/03\/IMG_1002-50x50.jpg 50w\" sizes=\"(max-width: 750px) 100vw, 750px\" \/><\/p>\n<p>&nbsp;<\/p>\n<h3 style=\"text-align: center;\">JAKO\u015aCIOWA RAMKA<\/h3>\n<p style=\"text-align: center;\">Wieszak na medale wykonany jest z metalu i zabezpieczony trwa\u0142ym matowym lakierem proszkowym.<\/p>\n<p><img loading=\"lazy\" decoding=\"async\" class=\"aligncenter wp-image-1269 \" src=\"https:\/\/etoaa.com\/pl\/wp-content\/uploads\/sites\/14\/2023\/03\/detail.jpg\" alt=\"\" width=\"749\" height=\"562\" srcset=\"https:\/\/etoaa.com\/pl\/wp-content\/uploads\/sites\/14\/2023\/03\/detail.jpg 1000w, https:\/\/etoaa.com\/pl\/wp-content\/uploads\/sites\/14\/2023\/03\/detail-300x225.jpg 300w, https:\/\/etoaa.com\/pl\/wp-content\/uploads\/sites\/14\/2023\/03\/detail-768x576.jpg 768w, https:\/\/etoaa.com\/pl\/wp-content\/uploads\/sites\/14\/2023\/03\/detail-600x450.jpg 600w\" sizes=\"(max-width: 749px) 100vw, 749px\" \/><\/p>\n<p>&nbsp;<\/p>\n<p>&nbsp;<\/p>\n<p>&nbsp;<\/p>\n<p>&nbsp;<\/p>\n","protected":false},"featured_media":1262,"comment_status":"open","ping_status":"closed","template":"","meta":[],"product_cat":[15],"product_tag":[],"class_list":["post-1068","product","type-product","status-publish","has-post-thumbnail","hentry","product_cat-wieszaki-na-medale"],"acf":[],"_links":{"self":[{"href":"https:\/\/etoaa.com\/pl\/wp-json\/wp\/v2\/product\/1068"}],"collection":[{"href":"https:\/\/etoaa.com\/pl\/wp-json\/wp\/v2\/product"}],"about":[{"href":"https:\/\/etoaa.com\/pl\/wp-json\/wp\/v2\/types\/product"}],"replies":[{"embeddable":true,"href":"https:\/\/etoaa.com\/pl\/wp-json\/wp\/v2\/comments?post=1068"}],"wp:featuredmedia":[{"embeddable":true,"href":"https:\/\/etoaa.com\/pl\/wp-json\/wp\/v2\/media\/1262"}],"wp:attachment":[{"href":"https:\/\/etoaa.com\/pl\/wp-json\/wp\/v2\/media?parent=1068"}],"wp:term":[{"taxonomy":"product_cat","embeddable":true,"href":"https:\/\/etoaa.com\/pl\/wp-json\/wp\/v2\/product_cat?post=1068"},{"taxonomy":"product_tag","embeddable":true,"href":"https:\/\/etoaa.com\/pl\/wp-json\/wp\/v2\/product_tag?post=1068"}],"curies":[{"name":"wp","href":"https:\/\/api.w.org\/{rel}","templated":true}]}}