{"id":1321,"date":"2024-01-09T12:54:47","date_gmt":"2024-01-09T12:54:47","guid":{"rendered":"https:\/\/etoaa.com\/pl\/?post_type=product&#038;p=1321"},"modified":"2024-01-18T07:41:43","modified_gmt":"2024-01-18T07:41:43","slug":"polka-na-trofea","status":"publish","type":"product","link":"https:\/\/etoaa.com\/pl\/product\/polka-na-trofea\/","title":{"rendered":"P\u00d3\u0141KA NA TROFEA"},"content":{"rendered":"","protected":false},"excerpt":{"rendered":"<p style=\"text-align: center;\">Czy Twoje ci\u0119\u017cko zdobyte medale powinny by\u0107 przechowywane w zakurzonej szufladzie lub w ukrytym k\u0105cie szafy? Wystaw je raczej na naszym eleganckim i wysokiej jako\u015bci wieszaku na medale ETOA i pozw\u00f3l im zach\u0119ci\u0107 Ci\u0119 do osi\u0105gania nowych cel\u00f3w. Niewa\u017cne, czy jeste\u015b sportowcem zawodowym, czy rekreacyjnym \u2014 mamy Ci\u0119 pod opiek\u0105!<\/p>\n<p style=\"text-align: center;\"><img loading=\"lazy\" decoding=\"async\" class=\"size-medium wp-image-1325 aligncenter\" src=\"https:\/\/etoaa.com\/pl\/wp-content\/uploads\/sites\/14\/2024\/01\/Polica-L50-1-300x200.jpg\" alt=\"\" width=\"300\" height=\"200\" srcset=\"https:\/\/etoaa.com\/pl\/wp-content\/uploads\/sites\/14\/2024\/01\/Polica-L50-1-300x200.jpg 300w, https:\/\/etoaa.com\/pl\/wp-content\/uploads\/sites\/14\/2024\/01\/Polica-L50-1-1024x682.jpg 1024w, https:\/\/etoaa.com\/pl\/wp-content\/uploads\/sites\/14\/2024\/01\/Polica-L50-1-768x511.jpg 768w, https:\/\/etoaa.com\/pl\/wp-content\/uploads\/sites\/14\/2024\/01\/Polica-L50-1-600x399.jpg 600w, https:\/\/etoaa.com\/pl\/wp-content\/uploads\/sites\/14\/2024\/01\/Polica-L50-1.jpg 1080w\" sizes=\"(max-width: 300px) 100vw, 300px\" \/><\/p>\n","protected":false},"featured_media":1328,"comment_status":"open","ping_status":"closed","template":"","meta":[],"product_cat":[15],"product_tag":[],"class_list":["post-1321","product","type-product","status-publish","has-post-thumbnail","hentry","product_cat-wieszaki-na-medale"],"acf":[],"_links":{"self":[{"href":"https:\/\/etoaa.com\/pl\/wp-json\/wp\/v2\/product\/1321"}],"collection":[{"href":"https:\/\/etoaa.com\/pl\/wp-json\/wp\/v2\/product"}],"about":[{"href":"https:\/\/etoaa.com\/pl\/wp-json\/wp\/v2\/types\/product"}],"replies":[{"embeddable":true,"href":"https:\/\/etoaa.com\/pl\/wp-json\/wp\/v2\/comments?post=1321"}],"wp:featuredmedia":[{"embeddable":true,"href":"https:\/\/etoaa.com\/pl\/wp-json\/wp\/v2\/media\/1328"}],"wp:attachment":[{"href":"https:\/\/etoaa.com\/pl\/wp-json\/wp\/v2\/media?parent=1321"}],"wp:term":[{"taxonomy":"product_cat","embeddable":true,"href":"https:\/\/etoaa.com\/pl\/wp-json\/wp\/v2\/product_cat?post=1321"},{"taxonomy":"product_tag","embeddable":true,"href":"https:\/\/etoaa.com\/pl\/wp-json\/wp\/v2\/product_tag?post=1321"}],"curies":[{"name":"wp","href":"https:\/\/api.w.org\/{rel}","templated":true}]}}