{"id":1331,"date":"2024-01-09T14:01:08","date_gmt":"2024-01-09T14:01:08","guid":{"rendered":"https:\/\/etoaa.com\/pl\/?post_type=product&#038;p=1331"},"modified":"2024-01-18T08:18:34","modified_gmt":"2024-01-18T08:18:34","slug":"wieszak-na-medale-z-motywem-sportowym","status":"publish","type":"product","link":"https:\/\/etoaa.com\/pl\/product\/wieszak-na-medale-z-motywem-sportowym\/","title":{"rendered":"Wieszak na medale z motywem sportowym"},"content":{"rendered":"","protected":false},"excerpt":{"rendered":"<p style=\"text-align: center;\">Czy Twoje ci\u0119\u017cko zdobyte medale powinny by\u0107 przechowywane w zakurzonej szufladzie lub w ukrytym k\u0105cie szafy? Wystaw je raczej na naszym eleganckim i wysokiej jako\u015bci wieszaku na medale ETOA i pozw\u00f3l im zach\u0119ci\u0107 Ci\u0119 do osi\u0105gania nowych cel\u00f3w. Niewa\u017cne, czy jeste\u015b sportowcem zawodowym, czy rekreacyjnym \u2014 mamy Ci\u0119 pod opiek\u0105!<\/p>\n<p><img loading=\"lazy\" decoding=\"async\" class=\"alignnone wp-image-1724 aligncenter\" src=\"https:\/\/etoaa.com\/hr\/wp-content\/uploads\/sites\/6\/2023\/10\/zaloga_nogomet_1-300x200.jpg\" alt=\"\" width=\"419\" height=\"279\" \/><\/p>\n","protected":false},"featured_media":1335,"comment_status":"open","ping_status":"closed","template":"","meta":[],"product_cat":[15],"product_tag":[],"class_list":["post-1331","product","type-product","status-publish","has-post-thumbnail","hentry","product_cat-wieszaki-na-medale"],"acf":[],"_links":{"self":[{"href":"https:\/\/etoaa.com\/pl\/wp-json\/wp\/v2\/product\/1331"}],"collection":[{"href":"https:\/\/etoaa.com\/pl\/wp-json\/wp\/v2\/product"}],"about":[{"href":"https:\/\/etoaa.com\/pl\/wp-json\/wp\/v2\/types\/product"}],"replies":[{"embeddable":true,"href":"https:\/\/etoaa.com\/pl\/wp-json\/wp\/v2\/comments?post=1331"}],"wp:featuredmedia":[{"embeddable":true,"href":"https:\/\/etoaa.com\/pl\/wp-json\/wp\/v2\/media\/1335"}],"wp:attachment":[{"href":"https:\/\/etoaa.com\/pl\/wp-json\/wp\/v2\/media?parent=1331"}],"wp:term":[{"taxonomy":"product_cat","embeddable":true,"href":"https:\/\/etoaa.com\/pl\/wp-json\/wp\/v2\/product_cat?post=1331"},{"taxonomy":"product_tag","embeddable":true,"href":"https:\/\/etoaa.com\/pl\/wp-json\/wp\/v2\/product_tag?post=1331"}],"curies":[{"name":"wp","href":"https:\/\/api.w.org\/{rel}","templated":true}]}}