{"id":949,"date":"2023-03-07T09:02:58","date_gmt":"2023-03-07T09:02:58","guid":{"rendered":"https:\/\/etoaa.com\/pl\/?post_type=product&#038;p=949"},"modified":"2024-01-18T09:24:36","modified_gmt":"2024-01-18T09:24:36","slug":"she-believed-she-could-so-she-did-wieszak-na-medale","status":"publish","type":"product","link":"https:\/\/etoaa.com\/pl\/product\/she-believed-she-could-so-she-did-wieszak-na-medale\/","title":{"rendered":"She believed she could SO SHE DID\u2013 Wieszak na medale- 38cm\/50cm"},"content":{"rendered":"","protected":false},"excerpt":{"rendered":"<p style=\"text-align: center;\">Czy Twoje ci\u0119\u017cko zdobyte medale powinny by\u0107 przechowywane w zakurzonej szufladzie lub w ukrytym k\u0105cie szafy? Wystaw je raczej na naszym eleganckim i wysokiej jako\u015bci wieszaku na medale ETOA i pozw\u00f3l im zach\u0119ci\u0107 Ci\u0119 do osi\u0105gania nowych cel\u00f3w. Niewa\u017cne, czy jeste\u015b sportowcem zawodowym, czy rekreacyjnym \u2014 mamy Ci\u0119 pod opiek\u0105!<\/p>\n<p><img loading=\"lazy\" decoding=\"async\" class=\" wp-image-1380 aligncenter\" src=\"https:\/\/etoaa.com\/pl\/wp-content\/uploads\/sites\/14\/2023\/03\/She-believes-livestyle-photo-SI-300x300.jpg\" alt=\"\" width=\"480\" height=\"480\" srcset=\"https:\/\/etoaa.com\/pl\/wp-content\/uploads\/sites\/14\/2023\/03\/She-believes-livestyle-photo-SI-300x300.jpg 300w, https:\/\/etoaa.com\/pl\/wp-content\/uploads\/sites\/14\/2023\/03\/She-believes-livestyle-photo-SI-150x150.jpg 150w, https:\/\/etoaa.com\/pl\/wp-content\/uploads\/sites\/14\/2023\/03\/She-believes-livestyle-photo-SI-768x768.jpg 768w, https:\/\/etoaa.com\/pl\/wp-content\/uploads\/sites\/14\/2023\/03\/She-believes-livestyle-photo-SI-600x600.jpg 600w, https:\/\/etoaa.com\/pl\/wp-content\/uploads\/sites\/14\/2023\/03\/She-believes-livestyle-photo-SI-100x100.jpg 100w, https:\/\/etoaa.com\/pl\/wp-content\/uploads\/sites\/14\/2023\/03\/She-believes-livestyle-photo-SI-50x50.jpg 50w, https:\/\/etoaa.com\/pl\/wp-content\/uploads\/sites\/14\/2023\/03\/She-believes-livestyle-photo-SI.jpg 800w\" sizes=\"(max-width: 480px) 100vw, 480px\" \/><\/p>\n","protected":false},"featured_media":955,"comment_status":"open","ping_status":"closed","template":"","meta":[],"product_cat":[15],"product_tag":[],"class_list":["post-949","product","type-product","status-publish","has-post-thumbnail","hentry","product_cat-wieszaki-na-medale"],"acf":[],"_links":{"self":[{"href":"https:\/\/etoaa.com\/pl\/wp-json\/wp\/v2\/product\/949"}],"collection":[{"href":"https:\/\/etoaa.com\/pl\/wp-json\/wp\/v2\/product"}],"about":[{"href":"https:\/\/etoaa.com\/pl\/wp-json\/wp\/v2\/types\/product"}],"replies":[{"embeddable":true,"href":"https:\/\/etoaa.com\/pl\/wp-json\/wp\/v2\/comments?post=949"}],"wp:featuredmedia":[{"embeddable":true,"href":"https:\/\/etoaa.com\/pl\/wp-json\/wp\/v2\/media\/955"}],"wp:attachment":[{"href":"https:\/\/etoaa.com\/pl\/wp-json\/wp\/v2\/media?parent=949"}],"wp:term":[{"taxonomy":"product_cat","embeddable":true,"href":"https:\/\/etoaa.com\/pl\/wp-json\/wp\/v2\/product_cat?post=949"},{"taxonomy":"product_tag","embeddable":true,"href":"https:\/\/etoaa.com\/pl\/wp-json\/wp\/v2\/product_tag?post=949"}],"curies":[{"name":"wp","href":"https:\/\/api.w.org\/{rel}","templated":true}]}}