{"id":976,"date":"2023-03-07T12:38:29","date_gmt":"2023-03-07T12:38:29","guid":{"rendered":"https:\/\/etoaa.com\/pl\/?post_type=product&#038;p=976"},"modified":"2024-01-18T09:04:09","modified_gmt":"2024-01-18T09:04:09","slug":"dream-believe-achieve-wieszak-na-medal","status":"publish","type":"product","link":"https:\/\/etoaa.com\/pl\/product\/dream-believe-achieve-wieszak-na-medal\/","title":{"rendered":"DREAM, BELIEVE &#038; ACHIEVE\u2013 Wieszak na medal &#8211; 50cm"},"content":{"rendered":"","protected":false},"excerpt":{"rendered":"<p style=\"text-align: center;\">Czy Twoje ci\u0119\u017cko zdobyte medale powinny by\u0107 przechowywane w zakurzonej szufladzie lub w ukrytym k\u0105cie szafy? Wystaw je raczej na naszym eleganckim i wysokiej jako\u015bci wieszaku na medale ETOA i pozw\u00f3l im zach\u0119ci\u0107 Ci\u0119 do osi\u0105gania nowych cel\u00f3w. Niewa\u017cne, czy jeste\u015b sportowcem zawodowym, czy rekreacyjnym \u2014 mamy Ci\u0119 pod opiek\u0105!<\/p>\n","protected":false},"featured_media":980,"comment_status":"open","ping_status":"closed","template":"","meta":[],"product_cat":[15],"product_tag":[],"class_list":["post-976","product","type-product","status-publish","has-post-thumbnail","hentry","product_cat-wieszaki-na-medale"],"acf":[],"_links":{"self":[{"href":"https:\/\/etoaa.com\/pl\/wp-json\/wp\/v2\/product\/976"}],"collection":[{"href":"https:\/\/etoaa.com\/pl\/wp-json\/wp\/v2\/product"}],"about":[{"href":"https:\/\/etoaa.com\/pl\/wp-json\/wp\/v2\/types\/product"}],"replies":[{"embeddable":true,"href":"https:\/\/etoaa.com\/pl\/wp-json\/wp\/v2\/comments?post=976"}],"wp:featuredmedia":[{"embeddable":true,"href":"https:\/\/etoaa.com\/pl\/wp-json\/wp\/v2\/media\/980"}],"wp:attachment":[{"href":"https:\/\/etoaa.com\/pl\/wp-json\/wp\/v2\/media?parent=976"}],"wp:term":[{"taxonomy":"product_cat","embeddable":true,"href":"https:\/\/etoaa.com\/pl\/wp-json\/wp\/v2\/product_cat?post=976"},{"taxonomy":"product_tag","embeddable":true,"href":"https:\/\/etoaa.com\/pl\/wp-json\/wp\/v2\/product_tag?post=976"}],"curies":[{"name":"wp","href":"https:\/\/api.w.org\/{rel}","templated":true}]}}