{"id":988,"date":"2023-03-07T13:07:51","date_gmt":"2023-03-07T13:07:51","guid":{"rendered":"https:\/\/etoaa.com\/pl\/?post_type=product&#038;p=988"},"modified":"2024-01-15T10:44:19","modified_gmt":"2024-01-15T10:44:19","slug":"wieszaki-na-medale-i-numery-startowe","status":"publish","type":"product","link":"https:\/\/etoaa.com\/pl\/product\/wieszaki-na-medale-i-numery-startowe\/","title":{"rendered":"Wieszaki na medale i numery startowe"},"content":{"rendered":"","protected":false},"excerpt":{"rendered":"<p style=\"text-align: center;\">Czy Twoje ci\u0119\u017cko zdobyte medale powinny by\u0107 przechowywane w zakurzonej szufladzie lub w ukrytym k\u0105cie szafy? Wystaw je raczej na naszym eleganckim i wysokiej jako\u015bci wieszaku na medale ETOA i pozw\u00f3l im zach\u0119ci\u0107 Ci\u0119 do osi\u0105gania nowych cel\u00f3w. Niewa\u017cne, czy jeste\u015b sportowcem zawodowym, czy rekreacyjnym \u2014 mamy Ci\u0119 pod opiek\u0105!<\/p>\n<p><img loading=\"lazy\" decoding=\"async\" class=\"aligncenter wp-image-993 size-full\" src=\"https:\/\/etoaa.com\/pl\/wp-content\/uploads\/sites\/14\/2023\/03\/Premium-lifestyle2_750x750.jpg\" alt=\"\" width=\"750\" height=\"750\" srcset=\"https:\/\/etoaa.com\/pl\/wp-content\/uploads\/sites\/14\/2023\/03\/Premium-lifestyle2_750x750.jpg 750w, https:\/\/etoaa.com\/pl\/wp-content\/uploads\/sites\/14\/2023\/03\/Premium-lifestyle2_750x750-300x300.jpg 300w, https:\/\/etoaa.com\/pl\/wp-content\/uploads\/sites\/14\/2023\/03\/Premium-lifestyle2_750x750-150x150.jpg 150w, https:\/\/etoaa.com\/pl\/wp-content\/uploads\/sites\/14\/2023\/03\/Premium-lifestyle2_750x750-600x600.jpg 600w, https:\/\/etoaa.com\/pl\/wp-content\/uploads\/sites\/14\/2023\/03\/Premium-lifestyle2_750x750-100x100.jpg 100w, https:\/\/etoaa.com\/pl\/wp-content\/uploads\/sites\/14\/2023\/03\/Premium-lifestyle2_750x750-50x50.jpg 50w\" sizes=\"(max-width: 750px) 100vw, 750px\" \/><\/p>\n<h3 style=\"text-align: center;\">PROSTY DESIGN Z UJAWNIONYMI MOCOWANIAMI<\/h3>\n<p style=\"text-align: center;\">Prosty i elegancki styl zosta\u0142 osi\u0105gni\u0119ty poprzez ukrycie wszystkich otwor\u00f3w mocuj\u0105cych i \u015brub za ochronnymi tulejami. Dodatkowo kraw\u0119d\u017a tulei jest pomalowana na ten sam matowy czarny kolor co sama rama.<\/p>\n<p><img loading=\"lazy\" decoding=\"async\" class=\"aligncenter wp-image-1292 \" src=\"https:\/\/etoaa.com\/pl\/wp-content\/uploads\/sites\/14\/2023\/03\/Premium-HQ-Design_PL-1.jpg\" alt=\"\" width=\"750\" height=\"750\" srcset=\"https:\/\/etoaa.com\/pl\/wp-content\/uploads\/sites\/14\/2023\/03\/Premium-HQ-Design_PL-1.jpg 1500w, https:\/\/etoaa.com\/pl\/wp-content\/uploads\/sites\/14\/2023\/03\/Premium-HQ-Design_PL-1-300x300.jpg 300w, https:\/\/etoaa.com\/pl\/wp-content\/uploads\/sites\/14\/2023\/03\/Premium-HQ-Design_PL-1-1024x1024.jpg 1024w, https:\/\/etoaa.com\/pl\/wp-content\/uploads\/sites\/14\/2023\/03\/Premium-HQ-Design_PL-1-150x150.jpg 150w, https:\/\/etoaa.com\/pl\/wp-content\/uploads\/sites\/14\/2023\/03\/Premium-HQ-Design_PL-1-768x768.jpg 768w, https:\/\/etoaa.com\/pl\/wp-content\/uploads\/sites\/14\/2023\/03\/Premium-HQ-Design_PL-1-600x600.jpg 600w, https:\/\/etoaa.com\/pl\/wp-content\/uploads\/sites\/14\/2023\/03\/Premium-HQ-Design_PL-1-100x100.jpg 100w, https:\/\/etoaa.com\/pl\/wp-content\/uploads\/sites\/14\/2023\/03\/Premium-HQ-Design_PL-1-50x50.jpg 50w\" sizes=\"(max-width: 750px) 100vw, 750px\" \/><\/p>\n<p>&nbsp;<\/p>\n<h3 style=\"text-align: center;\">PRZECHOWYWANIE NUMER\u00d3W STARTOWYCH, ZDJ\u0118\u0106 LUB INNYCH PAMI\u0104TEK<\/h3>\n<p style=\"text-align: center;\">Wieszak umo\u017cliwia \u0142atwe przegl\u0105danie kolekcji numer\u00f3w startowych, zdj\u0119\u0107, certyfikat\u00f3w sportowych lub innych pami\u0105tek z zawod\u00f3w.<\/p>\n<p><img loading=\"lazy\" decoding=\"async\" class=\"aligncenter wp-image-992 size-full\" src=\"https:\/\/etoaa.com\/pl\/wp-content\/uploads\/sites\/14\/2023\/03\/Premium-lifestyle1_750x750.jpg\" alt=\"\" width=\"750\" height=\"750\" srcset=\"https:\/\/etoaa.com\/pl\/wp-content\/uploads\/sites\/14\/2023\/03\/Premium-lifestyle1_750x750.jpg 750w, https:\/\/etoaa.com\/pl\/wp-content\/uploads\/sites\/14\/2023\/03\/Premium-lifestyle1_750x750-300x300.jpg 300w, https:\/\/etoaa.com\/pl\/wp-content\/uploads\/sites\/14\/2023\/03\/Premium-lifestyle1_750x750-150x150.jpg 150w, https:\/\/etoaa.com\/pl\/wp-content\/uploads\/sites\/14\/2023\/03\/Premium-lifestyle1_750x750-600x600.jpg 600w, https:\/\/etoaa.com\/pl\/wp-content\/uploads\/sites\/14\/2023\/03\/Premium-lifestyle1_750x750-100x100.jpg 100w, https:\/\/etoaa.com\/pl\/wp-content\/uploads\/sites\/14\/2023\/03\/Premium-lifestyle1_750x750-50x50.jpg 50w\" sizes=\"(max-width: 750px) 100vw, 750px\" \/><\/p>\n<h3 style=\"text-align: center;\">PRZEZNACZONE OPAKOWANIE<\/h3>\n<p style=\"text-align: center;\">W\u0142o\u017cyli\u015bmy dodatkowy wysi\u0142ek, aby pude\u0142ko do pakowania by\u0142o atrakcyjne i chroni\u0105ce. Nasz sportowy i aktywny wz\u00f3r pude\u0142ka sprawia, \u017ce ETOA wieszak na medale jest idealnym prezentem, a piankowa wk\u0142adka utrzymuje produkt bezpiecznie i na miejscu, zapobiegaj\u0105c jego zarysowaniu.<\/p>\n<p><img loading=\"lazy\" decoding=\"async\" class=\"aligncenter wp-image-994 size-full\" src=\"https:\/\/etoaa.com\/pl\/wp-content\/uploads\/sites\/14\/2023\/03\/Premium-box-750x750-1.jpg\" alt=\"\" width=\"750\" height=\"750\" srcset=\"https:\/\/etoaa.com\/pl\/wp-content\/uploads\/sites\/14\/2023\/03\/Premium-box-750x750-1.jpg 750w, https:\/\/etoaa.com\/pl\/wp-content\/uploads\/sites\/14\/2023\/03\/Premium-box-750x750-1-300x300.jpg 300w, https:\/\/etoaa.com\/pl\/wp-content\/uploads\/sites\/14\/2023\/03\/Premium-box-750x750-1-150x150.jpg 150w, https:\/\/etoaa.com\/pl\/wp-content\/uploads\/sites\/14\/2023\/03\/Premium-box-750x750-1-600x600.jpg 600w, https:\/\/etoaa.com\/pl\/wp-content\/uploads\/sites\/14\/2023\/03\/Premium-box-750x750-1-100x100.jpg 100w, https:\/\/etoaa.com\/pl\/wp-content\/uploads\/sites\/14\/2023\/03\/Premium-box-750x750-1-50x50.jpg 50w\" sizes=\"(max-width: 750px) 100vw, 750px\" \/><\/p>\n<p>&nbsp;<\/p>\n<p>&nbsp;<\/p>\n<p>&nbsp;<\/p>\n","protected":false},"featured_media":1020,"comment_status":"open","ping_status":"closed","template":"","meta":[],"product_cat":[15],"product_tag":[],"class_list":["post-988","product","type-product","status-publish","has-post-thumbnail","hentry","product_cat-wieszaki-na-medale"],"acf":[],"_links":{"self":[{"href":"https:\/\/etoaa.com\/pl\/wp-json\/wp\/v2\/product\/988"}],"collection":[{"href":"https:\/\/etoaa.com\/pl\/wp-json\/wp\/v2\/product"}],"about":[{"href":"https:\/\/etoaa.com\/pl\/wp-json\/wp\/v2\/types\/product"}],"replies":[{"embeddable":true,"href":"https:\/\/etoaa.com\/pl\/wp-json\/wp\/v2\/comments?post=988"}],"wp:featuredmedia":[{"embeddable":true,"href":"https:\/\/etoaa.com\/pl\/wp-json\/wp\/v2\/media\/1020"}],"wp:attachment":[{"href":"https:\/\/etoaa.com\/pl\/wp-json\/wp\/v2\/media?parent=988"}],"wp:term":[{"taxonomy":"product_cat","embeddable":true,"href":"https:\/\/etoaa.com\/pl\/wp-json\/wp\/v2\/product_cat?post=988"},{"taxonomy":"product_tag","embeddable":true,"href":"https:\/\/etoaa.com\/pl\/wp-json\/wp\/v2\/product_tag?post=988"}],"curies":[{"name":"wp","href":"https:\/\/api.w.org\/{rel}","templated":true}]}}